{"id":3,"date":"2024-01-16T14:15:06","date_gmt":"2024-01-16T14:15:06","guid":{"rendered":"http:\/\/andreadallolio.com\/?page_id=3"},"modified":"2024-06-07T17:08:12","modified_gmt":"2024-06-07T17:08:12","slug":"privacy-policy","status":"publish","type":"page","link":"https:\/\/andreadallolio.com\/fr\/privacy-policy\/","title":{"rendered":"Privacy Policy"},"content":{"rendered":"<div  class=\"tatsu-hmlbaiozy0egday0 tatsu-section  tatsu-bg-overlay   tatsu-clearfix\" data-title=\"\"  data-headerscheme=\"background--dark\"><div class='tatsu-section-pad clearfix' data-padding='{\"d\":\"90px 0px 90px 0px\"}' data-padding-top='90px'><div class=\"tatsu-row-wrap  tatsu-wrap tatsu-row-one-col tatsu-row-has-one-cols tatsu-medium-gutter tatsu-reg-cols  tatsu-clearfix tatsu-hmlbaip018c7fc4f\" ><div  class=\"tatsu-row\" ><div  class=\"tatsu-column  tatsu-bg-overlay tatsu-one-col tatsu-column-image-none tatsu-column-effect-none  tatsu-hmlbaip03q2kpltn\"  data-parallax-speed=\"0\" style=\"\"><div class=\"tatsu-column-inner\" ><div class=\"tatsu-column-pad-wrap\"><div class=\"tatsu-column-pad\" ><div  class=\"tatsu-module tatsu-text-block-wrap tatsu-hmlbav789mjeyzr\"><div class=\"tatsu-text-inner tatsu-align-center  clearfix\" ><style>.tatsu-hmlbav789mjeyzr.tatsu-text-block-wrap .tatsu-text-inner{width: 100%;text-align: left;}<\/style><p><\/p>\n<p><span style=\"color: #000000;\"><\/span><\/p>\n<p><span style=\"color: #000000;\"><\/span><\/p>\n<p><span style=\"color: #000000;\"><strong>LA PRIVACY POLICY DI QUESTO SITO<\/strong><\/span><\/p>\n<p><span style=\"color: #000000;\"><\/span><\/p>\n<p><span style=\"color: #000000;\"><\/span><\/p>\n<p><span style=\"color: #000000;\"><em>Informativa sul trattamento dei dati personali (art. 13 GDPR 2016\/679)<\/em><\/span><\/p>\n<p><span style=\"color: #000000;\"><\/span><\/p>\n<p><span style=\"color: #000000;\"><\/span><\/p>\n<p><span style=\"color: #000000;\"><strong>1. PERCHE\u2019 QUESTO AVVISO<\/strong><\/span><br \/><span style=\"color: #000000;\">In questa pagina si descrivono le modalit\u00e0 di gestione del sito in riferimento al trattamento dei dati personali degli utenti che lo consultano.<\/span><br \/><span style=\"color: #000000;\">Si tratta di un\u2019informativa che resa ai sensi dell\u2019art. 13 del Regolamento UE 2016\/679 a coloro che interagiscono con i servizi web accessibili per via telematica a partire dall\u2019indirizzo:<\/span><br \/><span style=\"color: #000000;\"><a style=\"color: #000000;\" href=\"https:\/\/gardenhousemilano.com\/\"><strong>https:\/\/gardenhousemilano.com\/<\/strong><\/a><\/span><br \/><span style=\"color: #000000;\">L\u2019informativa \u00e8 resa solo per il sito di Andrea Dall\u2019Olio Srl. e non anche per altri siti web eventualmente consultati dall\u2019utente tramite\u00a0<em>link<\/em>\u00a0in esso presenti.<\/span><br \/><span style=\"color: #000000;\">L\u2019informativa si ispira anche alla Raccomandazione n. 2\/2001 che le autorit\u00e0 europee per la protezione dei dati personali, riunite nel Gruppo istituito dall\u2019art. 29 della direttiva n. 95\/46\/CE, hanno adottato il 17 maggio 2001 per individuare alcuni requisiti minimi per la raccolta di dati personali\u00a0<em>on-line<\/em>, e, in particolare, le modalit\u00e0, i tempi e la natura delle informazioni che i titolari del trattamento devono fornire agli utenti quando questi si collegano a pagine web, indipendentemente dagli scopi del collegamento.<\/span><\/p>\n<p><span style=\"color: #000000;\"><\/span><\/p>\n<p><span style=\"color: #000000;\"><\/span><\/p>\n<p><span style=\"color: #000000;\"><strong>2. TITOLARE DEL TRATTAMENTO<\/strong><\/span><br \/><span style=\"color: #000000;\">A seguito della consultazione di questo sito possono essere trattati dati relativi a persone identificate o identificabili.<\/span><br \/><span style=\"color: #000000;\">Il Titolare del loro trattamento \u00e8\u00a0Andrea Dall\u2019Olio Srl \u2013 V.le Monza, 106 \u2013 20127 Milano \u2013 P.IVA: 13032280151<\/span><\/p>\n<p><span style=\"color: #000000;\"><\/span><\/p>\n<p><span style=\"color: #000000;\"><\/span><\/p>\n<p><span style=\"color: #000000;\"><strong>3. RESPONSABILE DELLA PROTEZIONE DEI DATI<\/strong><\/span><br \/><span style=\"color: #000000;\">La figura di Responsabile della protezione dei dati (DPO) non \u00e8 stata individuata, in quanto per Dall\u2019Olio Srl corrisponde a facolt\u00e0 di scelta cos\u00e8 come disposto da art. 37 par. 4 GDPR 2016\/679.<\/span><\/p>\n<p><span style=\"color: #000000;\"><\/span><\/p>\n<p><span style=\"color: #000000;\"><\/span><\/p>\n<p><span style=\"color: #000000;\"><strong>4. FINALIT\u00c0 DEL TRATTAMENTO DEI DATI<\/strong><\/span><br \/><span style=\"color: #000000;\">I trattamenti connessi ai servizi web di questo sono curati solo da personale tecnico, oppure da eventuali incaricati di occasionali operazioni di manutenzione.<\/span><br \/><span style=\"color: #000000;\">I dati personali forniti dagli utenti che inoltrano richieste di adesione ai servizi\/prodotti offerti sono utilizzati al solo fine di eseguire il servizio o la prestazione richiesta, e sono comunicati a terzi nel solo caso in cui ci\u00f2 sia a tal fine necessario per l\u2019esecuzione delle richieste ricevute. Per maggiori dettagli \u00e8 possibile prendere visione delle specifiche informative.<\/span><\/p>\n<p><span style=\"color: #000000;\"><\/span><\/p>\n<p><span style=\"color: #000000;\"><\/span><\/p>\n<p><span style=\"color: #000000;\"><strong>5. MODALIT\u00c0 DEL TRATTAMENTO<\/strong><\/span><br \/><span style=\"color: #000000;\">I dati personali sono trattati con strumenti automatizzati per il tempo strettamente necessario a conseguire gli scopi per cui sono stati raccolti.<\/span><br \/><span style=\"color: #000000;\">Specifiche misure di sicurezza sono osservate per prevenire la perdita dei dati, usi illeciti o non corretti ed accessi non autorizzati.<\/span><\/p>\n<p><span style=\"color: #000000;\"><\/span><\/p>\n<p><span style=\"color: #000000;\"><\/span><\/p>\n<p><span style=\"color: #000000;\"><strong>6. CONFERIMENTO E FACOLTATIVIT\u00c0 DEL CONFERIMENTO DEI DATI<\/strong><\/span><br \/><span style=\"color: #000000;\">A parte quanto specificato per i dati di navigazione, l\u2019utente \u00e8 libero di fornire i dati personali riportati nei moduli informatici (<em>form<\/em>) di richiesta al Titolare del trattamento per accedere ai servizi\/prodotti offerti.<\/span><br \/><span style=\"color: #000000;\">Il loro mancato conferimento pu\u00f9 comportare l\u2019impossibilit\u00e0 di ottenere quanto richiesto.<\/span><\/p>\n<p><span style=\"color: #000000;\"><\/span><\/p>\n<p><span style=\"color: #000000;\"><\/span><\/p>\n<p><span style=\"color: #000000;\"><strong>7. COMUNICAZIONE DEI DATI<\/strong><\/span><br \/><span style=\"color: #000000;\">I dati personali relativi al trattamento in questione non risulteranno comunicati in alcun modo a terzi.<\/span><\/p>\n<p><span style=\"color: #000000;\"><\/span><\/p>\n<p><span style=\"color: #000000;\"><\/span><\/p>\n<p><span style=\"color: #000000;\"><strong>8. DIFFUSIONE DEI DATI<\/strong><\/span><br \/><span style=\"color: #000000;\">I dati personali trattati, in alcun modo, verranno portati a conoscenza di soggetti indeterminati.<\/span><\/p>\n<p><span style=\"color: #000000;\"><\/span><\/p>\n<p><span style=\"color: #000000;\"><\/span><\/p>\n<p><span style=\"color: #000000;\"><strong>9. TRASFERIMENTO ALL\u2019ESTERO<\/strong><\/span><br \/><span style=\"color: #000000;\">I dati personali trattati non risulteranno trasferiti all\u2019estero.<\/span><\/p>\n<p><span style=\"color: #000000;\"><\/span><\/p>\n<p><span style=\"color: #000000;\"><\/span><\/p>\n<p><span style=\"color: #000000;\"><strong>10. TIPI DI DATI TRATTATI<\/strong><\/span><br \/><span style=\"color: #000000;\">a. DATI DI NAVIGAZIONE<\/span><br \/><span style=\"color: #000000;\">I sistemi informatici e le procedure software preposte al funzionamento di questo sito web acquisiscono, nel corso del loro normale esercizio, alcuni dati personali la cui trasmissione \u00e8 implicita nell\u2019uso dei protocolli di comunicazione di Internet.<\/span><br \/><span style=\"color: #000000;\">Si tratta di informazioni che non sono raccolte per essere associate a interessati identificati, ma che per loro stessa natura potrebbero, attraverso elaborazioni ed associazioni con dati detenuti da terzi, permettere di identificare gli utenti.<\/span><br \/><span style=\"color: #000000;\">In questa categoria di dati rientrano gli indirizzi IP o i nomi a dominio dei computer utilizzati dagli utenti che si connettono al sito, gli indirizzi in notazione URI (<em>Uniform Resource Identifier<\/em>) delle risorse richieste, l\u2019orario della richiesta, il metodo utilizzato nel sottoporre la richiesta al server, la dimensione del file ottenuto in risposta, il codice numerico indicante lo stato della risposta data dal server (buon fine, errore, ecc.) ed altri parametri relativi al sistema operativo e all\u2019ambiente informatico dell\u2019utente.<\/span><br \/><span style=\"color: #000000;\">Questi dati vengono utilizzati al solo fine di ricavare informazioni statistiche anonime sull\u2019uso del sito e per controllarne il corretto funzionamento e vengono cancellati immediatamente dopo l\u2019elaborazione. I dati potrebbero essere utilizzati per l\u2019accertamento di responsabilit\u00e0 in caso di ipotetici reati informatici ai danni del sito.<\/span><\/p>\n<p><span style=\"color: #000000;\"><\/span><\/p>\n<p><span style=\"color: #000000;\"><\/span><\/p>\n<p><span style=\"color: #000000;\">b. DATI FORNITI VOLONTARIAMENTE DALL\u2019UTENTE<\/span><br \/><span style=\"color: #000000;\">L\u2019invio facoltativo, esplicito e volontario di posta elettronica o altri dati attraverso i\u00a0<em>form<\/em>\u00a0presenti su questo sito, o attraverso gli eventuali indirizzi indicati su questo sito comporta la successiva acquisizione dell\u2019indirizzo del mittente, necessario per rispondere alle richieste, nonch\u00e8 degli eventuali altri dati personali inseriti nella missiva.<\/span><br \/><span style=\"color: #000000;\">Specifiche informative di sintesi verranno progressivamente riportate o visualizzate nelle pagine del sito predisposte per particolari servizi a richiesta.<\/span><\/p>\n<p><span style=\"color: #000000;\"><\/span><\/p>\n<p><span style=\"color: #000000;\"><\/span><\/p>\n<p><span style=\"color: #000000;\">c. COOKIE<\/span><br \/><span style=\"color: #000000;\">La descrizione della tipologia di cookie utilizzati, loro gestione di utilizzo e finalit\u00e0, \u00e8 rimandata al documento\u00a0<strong><a style=\"color: #000000;\" href=\"https:\/\/gardenhousemilano.com\/cookie-policy\/\">COOKIE POLICY<\/a><\/strong><\/span><\/p>\n<p><span style=\"color: #000000;\"><\/span><\/p>\n<p><span style=\"color: #000000;\"><\/span><\/p>\n<p><span style=\"color: #000000;\"><strong>11. PERIODO DI CONSERVAZIONE DEI DATI<\/strong><\/span><br \/><span style=\"color: #000000;\">I dati personali sono trattati con strumenti automatizzati per il tempo strettamente necessario a conseguire gli scopi per cui sono stati raccolti.<\/span><\/p>\n<p><span style=\"color: #000000;\"><\/span><\/p>\n<p><span style=\"color: #000000;\"><\/span><\/p>\n<p><span style=\"color: #000000;\"><strong>12. DIRITTI DEGLI INTERESSATI<\/strong><\/span><br \/><span style=\"color: #000000;\">In ogni momento, l\u2019interessato potr\u00e0 esercitare il diritto di:<\/span><\/p>\n<p><span style=\"color: #000000;\"><\/span><\/p>\n<p><span style=\"color: #000000;\"><\/span><\/p>\n<ul class=\"wp-block-list\">\n<li style=\"list-style-type: none;\">\n<ul>\n<li><span style=\"color: #000000;\">chiedere la conferma dell\u2019esistenza o meno di propri dati personali.<\/span><\/li>\n<\/ul>\n<\/li>\n<\/ul>\n<p><span style=\"color: #000000;\"><\/span><\/p>\n<p><span style=\"color: #000000;\"><\/span><\/p>\n<ul>\n<li style=\"list-style-type: none;\">\n<ul>\n<li><span style=\"color: #000000;\">ottenere le indicazioni circa le finalit\u00e0 del trattamento, le categorie dei dati personali, i destinatari o le categorie di destinatari a cui i dati personali sono stati o saranno comunicati e, quando possibile, il periodo di conservazione.<\/span><\/li>\n<\/ul>\n<\/li>\n<\/ul>\n<p><span style=\"color: #000000;\"><\/span><\/p>\n<p><span style=\"color: #000000;\"><\/span><\/p>\n<ul>\n<li style=\"list-style-type: none;\">\n<ul>\n<li><span style=\"color: #000000;\">ottenere la rettifica e la cancellazione dei dati.<\/span><\/li>\n<\/ul>\n<\/li>\n<\/ul>\n<p><span style=\"color: #000000;\"><\/span><\/p>\n<p><span style=\"color: #000000;\"><\/span><\/p>\n<ul>\n<li style=\"list-style-type: none;\">\n<ul>\n<li><span style=\"color: #000000;\">ottenere la limitazione del trattamento.<\/span><\/li>\n<\/ul>\n<\/li>\n<\/ul>\n<p><span style=\"color: #000000;\"><\/span><\/p>\n<p><span style=\"color: #000000;\"><\/span><\/p>\n<ul>\n<li style=\"list-style-type: none;\">\n<ul>\n<li><span style=\"color: #000000;\">ottenere la portabilit\u00e0 dei dati, ossia riceverli da un titolare del trattamento, in un formato strutturato, di uso comune e leggibile da dispositivo automatico, e trasmetterli ad un altro titolare del trattamento senza impedimenti.<\/span><\/li>\n<\/ul>\n<\/li>\n<\/ul>\n<p><span style=\"color: #000000;\"><\/span><\/p>\n<p><span style=\"color: #000000;\"><\/span><\/p>\n<ul>\n<li style=\"list-style-type: none;\">\n<ul>\n<li><span style=\"color: #000000;\">opporsi al trattamento in qualsiasi momento ed anche nel caso di trattamento per finalit\u00e0 di marketing diretto.<\/span><\/li>\n<\/ul>\n<\/li>\n<\/ul>\n<p><span style=\"color: #000000;\"><\/span><\/p>\n<p><span style=\"color: #000000;\"><\/span><\/p>\n<ul>\n<li style=\"list-style-type: none;\">\n<ul>\n<li><span style=\"color: #000000;\">opporsi ad un processo decisionale automatizzato relativo alle persone fisiche, compresa la profilazione.<\/span><\/li>\n<\/ul>\n<\/li>\n<\/ul>\n<p><span style=\"color: #000000;\"><\/span><\/p>\n<p><span style=\"color: #000000;\"><\/span><\/p>\n<ul>\n<li style=\"list-style-type: none;\">\n<ul>\n<li><span style=\"color: #000000;\">proporre un reclamo all\u2019Autorit\u00e0 Garante per la protezione dei dati Italiana.<\/span><\/li>\n<\/ul>\n<\/li>\n<\/ul>\n<p><span style=\"color: #000000;\"><\/span><\/p>\n<p><span style=\"color: #000000;\"><\/span><\/p>\n<p><span style=\"color: #000000;\"><\/span><\/p>\n<p><span style=\"color: #000000;\">Le richieste possono essere rivolte al Titolare del trattamento scrivendo a\u00a0Andrea Dall\u2019Olio Srl \u2013 V.le Monza, 106 \u2013 20127 Milano \u2013 P.IVA: 13032280151\u00a0<strong><a style=\"color: #000000;\" href=\"mailto:info@gardenhousemilano.com\">info@gardenhousemilano.com<\/a><\/strong><\/span><\/p>\n<p><span style=\"color: #000000;\"><\/span><\/p>\n<p><span style=\"color: #000000;\"><\/span><\/p>\n<p><span style=\"color: #000000;\">Ogni sforzo verr\u00e0 fatto per rendere il pi\u00f9 possibile interoperabili le funzionalit\u00e0 di questo sito con i meccanismi di controllo automatico della privacy disponibili in alcuni prodotti utilizzati dagli utenti.<\/span><\/p>\n<p><span style=\"color: #000000;\"><\/span><\/p>\n<p><span style=\"color: #000000;\"><\/span><\/p>\n<p><span style=\"color: #000000;\">Considerando che lo stato di perfezionamento dei meccanismi automatici di controllo non li rende attualmente esenti da errori e disfunzioni, si precisa che il presente documento, pubblicato all\u2019indirizzo\u00a0<a style=\"color: #000000;\" href=\"https:\/\/gardenhousemilano.com\/privacy-policy\/\"><strong>Privacy Policy<\/strong><\/a><\/span><\/p>\n<p><span style=\"color: #000000;\"><\/span><\/p>\n<p><span style=\"color: #000000;\"><\/span><\/p>\n<p><span style=\"color: #000000;\">costituisce la \u201cPrivacy Policy\u201d di questo sito che sar\u00e0 soggetta ad aggiornamenti (restano le varie versioni consultabili al medesimo indirizzo).<\/span><\/p>\n<p>\u00a0<\/p>\n<p><a href=\"https:\/\/andreadallolio.com\/fr\/cookie-policy\/\"><strong>COOKIE POLICY<\/strong><\/a><\/p>\n<p><\/p><\/div><\/div><\/div><\/div><div class = \"tatsu-column-bg-image-wrap\"><div class = \"tatsu-column-bg-image\" ><\/div><\/div><div class=\"tatsu-overlay tatsu-column-overlay tatsu-animate-none\" ><\/div><\/div><style>.tatsu-row > .tatsu-hmlbaip03q2kpltn.tatsu-column{width: 100%;}.tatsu-hmlbaip03q2kpltn.tatsu-column > .tatsu-column-inner > .tatsu-column-overlay{mix-blend-mode: normal;}.tatsu-hmlbaip03q2kpltn > .tatsu-column-inner > .tatsu-top-divider{z-index: 9999;}.tatsu-hmlbaip03q2kpltn > .tatsu-column-inner > .tatsu-bottom-divider{z-index: 9999;}.tatsu-hmlbaip03q2kpltn > .tatsu-column-inner > .tatsu-left-divider{z-index: 9999;}.tatsu-hmlbaip03q2kpltn > .tatsu-column-inner > .tatsu-right-divider{z-index: 9999;}<\/style><\/div><\/div><\/div><\/div><div class=\"tatsu-section-background-wrap\"><div class = \"tatsu-section-background\" ><\/div><\/div><div class=\"tatsu-overlay tatsu-section-overlay\"><\/div><style>.tatsu-hmlbaiozy0egday0 .tatsu-section-pad{padding: 90px 0px 90px 0px;}.tatsu-hmlbaiozy0egday0 > .tatsu-bottom-divider{z-index: 9999;}.tatsu-hmlbaiozy0egday0 > .tatsu-top-divider{z-index: 9999;}.tatsu-hmlbaiozy0egday0 .tatsu-section-overlay{mix-blend-mode: normal;}<\/style><\/div>","protected":false},"excerpt":{"rendered":"<p><a href=\"https:\/\/andreadallolio.com\/fr\/privacy-policy\/\" class=\"more-link style1-button\">Read More<\/a><\/p>","protected":false},"author":1,"featured_media":0,"parent":0,"menu_order":0,"comment_status":"closed","ping_status":"open","template":"","meta":{"footnotes":""},"class_list":["post-3","page","type-page","status-publish","hentry"],"yoast_head":"<!-- This site is optimized with the Yoast SEO plugin v27.3 - https:\/\/yoast.com\/product\/yoast-seo-wordpress\/ -->\n<title>Privacy Policy - andreadallolio<\/title>\n<meta name=\"description\" content=\"In questa pagina di privacy policy si descrivono le modalit\u00e0 di gestione del sito in riferimento al trattamento dei dati personali degli utenti che lo consultano.\" \/>\n<meta name=\"robots\" content=\"index, follow, max-snippet:-1, max-image-preview:large, max-video-preview:-1\" \/>\n<link rel=\"canonical\" href=\"https:\/\/andreadallolio.com\/fr\/privacy-policy\/\" \/>\n<meta property=\"og:locale\" content=\"fr_FR\" \/>\n<meta property=\"og:type\" content=\"article\" \/>\n<meta property=\"og:title\" content=\"Privacy Policy - andreadallolio\" \/>\n<meta property=\"og:description\" content=\"In questa pagina di privacy policy si descrivono le modalit\u00e0 di gestione del sito in riferimento al trattamento dei dati personali degli utenti che lo consultano.\" \/>\n<meta property=\"og:url\" content=\"https:\/\/andreadallolio.com\/fr\/privacy-policy\/\" \/>\n<meta property=\"og:site_name\" content=\"andreadallolio\" \/>\n<meta property=\"article:modified_time\" content=\"2024-06-07T17:08:12+00:00\" \/>\n<meta name=\"twitter:card\" content=\"summary_large_image\" \/>\n<meta name=\"twitter:label1\" content=\"Dur\u00e9e de lecture estim\u00e9e\" \/>\n\t<meta name=\"twitter:data1\" content=\"8 minutes\" \/>\n<script type=\"application\/ld+json\" class=\"yoast-schema-graph\">{\"@context\":\"https:\\\/\\\/schema.org\",\"@graph\":[{\"@type\":\"WebPage\",\"@id\":\"https:\\\/\\\/andreadallolio.com\\\/privacy-policy\\\/\",\"url\":\"https:\\\/\\\/andreadallolio.com\\\/privacy-policy\\\/\",\"name\":\"Privacy Policy - andreadallolio\",\"isPartOf\":{\"@id\":\"https:\\\/\\\/andreadallolio.com\\\/#website\"},\"datePublished\":\"2024-01-16T14:15:06+00:00\",\"dateModified\":\"2024-06-07T17:08:12+00:00\",\"description\":\"In questa pagina di privacy policy si descrivono le modalit\u00e0 di gestione del sito in riferimento al trattamento dei dati personali degli utenti che lo consultano.\",\"breadcrumb\":{\"@id\":\"https:\\\/\\\/andreadallolio.com\\\/privacy-policy\\\/#breadcrumb\"},\"inLanguage\":\"fr-FR\",\"potentialAction\":[{\"@type\":\"ReadAction\",\"target\":[\"https:\\\/\\\/andreadallolio.com\\\/privacy-policy\\\/\"]}]},{\"@type\":\"BreadcrumbList\",\"@id\":\"https:\\\/\\\/andreadallolio.com\\\/privacy-policy\\\/#breadcrumb\",\"itemListElement\":[{\"@type\":\"ListItem\",\"position\":1,\"name\":\"Home\",\"item\":\"https:\\\/\\\/andreadallolio.com\\\/\"},{\"@type\":\"ListItem\",\"position\":2,\"name\":\"Privacy Policy\"}]},{\"@type\":\"WebSite\",\"@id\":\"https:\\\/\\\/andreadallolio.com\\\/#website\",\"url\":\"https:\\\/\\\/andreadallolio.com\\\/\",\"name\":\"andreadallolio\",\"description\":\"interior designer\",\"publisher\":{\"@id\":\"https:\\\/\\\/andreadallolio.com\\\/#organization\"},\"potentialAction\":[{\"@type\":\"SearchAction\",\"target\":{\"@type\":\"EntryPoint\",\"urlTemplate\":\"https:\\\/\\\/andreadallolio.com\\\/?s={search_term_string}\"},\"query-input\":{\"@type\":\"PropertyValueSpecification\",\"valueRequired\":true,\"valueName\":\"search_term_string\"}}],\"inLanguage\":\"fr-FR\"},{\"@type\":\"Organization\",\"@id\":\"https:\\\/\\\/andreadallolio.com\\\/#organization\",\"name\":\"andreadallolio\",\"url\":\"https:\\\/\\\/andreadallolio.com\\\/\",\"logo\":{\"@type\":\"ImageObject\",\"inLanguage\":\"fr-FR\",\"@id\":\"https:\\\/\\\/andreadallolio.com\\\/#\\\/schema\\\/logo\\\/image\\\/\",\"url\":\"https:\\\/\\\/andreadallolio.com\\\/wp-content\\\/uploads\\\/2024\\\/01\\\/logo-art-deco-01-e1705430493135.png\",\"contentUrl\":\"https:\\\/\\\/andreadallolio.com\\\/wp-content\\\/uploads\\\/2024\\\/01\\\/logo-art-deco-01-e1705430493135.png\",\"width\":512,\"height\":73,\"caption\":\"andreadallolio\"},\"image\":{\"@id\":\"https:\\\/\\\/andreadallolio.com\\\/#\\\/schema\\\/logo\\\/image\\\/\"}}]}<\/script>\n<!-- \/ Yoast SEO plugin. -->","yoast_head_json":{"title":"Privacy Policy - andreadallolio","description":"In questa pagina di privacy policy si descrivono le modalit\u00e0 di gestione del sito in riferimento al trattamento dei dati personali degli utenti che lo consultano.","robots":{"index":"index","follow":"follow","max-snippet":"max-snippet:-1","max-image-preview":"max-image-preview:large","max-video-preview":"max-video-preview:-1"},"canonical":"https:\/\/andreadallolio.com\/fr\/privacy-policy\/","og_locale":"fr_FR","og_type":"article","og_title":"Privacy Policy - andreadallolio","og_description":"In questa pagina di privacy policy si descrivono le modalit\u00e0 di gestione del sito in riferimento al trattamento dei dati personali degli utenti che lo consultano.","og_url":"https:\/\/andreadallolio.com\/fr\/privacy-policy\/","og_site_name":"andreadallolio","article_modified_time":"2024-06-07T17:08:12+00:00","twitter_card":"summary_large_image","twitter_misc":{"Dur\u00e9e de lecture estim\u00e9e":"8 minutes"},"schema":{"@context":"https:\/\/schema.org","@graph":[{"@type":"WebPage","@id":"https:\/\/andreadallolio.com\/privacy-policy\/","url":"https:\/\/andreadallolio.com\/privacy-policy\/","name":"Privacy Policy - andreadallolio","isPartOf":{"@id":"https:\/\/andreadallolio.com\/#website"},"datePublished":"2024-01-16T14:15:06+00:00","dateModified":"2024-06-07T17:08:12+00:00","description":"In questa pagina di privacy policy si descrivono le modalit\u00e0 di gestione del sito in riferimento al trattamento dei dati personali degli utenti che lo consultano.","breadcrumb":{"@id":"https:\/\/andreadallolio.com\/privacy-policy\/#breadcrumb"},"inLanguage":"fr-FR","potentialAction":[{"@type":"ReadAction","target":["https:\/\/andreadallolio.com\/privacy-policy\/"]}]},{"@type":"BreadcrumbList","@id":"https:\/\/andreadallolio.com\/privacy-policy\/#breadcrumb","itemListElement":[{"@type":"ListItem","position":1,"name":"Home","item":"https:\/\/andreadallolio.com\/"},{"@type":"ListItem","position":2,"name":"Privacy Policy"}]},{"@type":"WebSite","@id":"https:\/\/andreadallolio.com\/#website","url":"https:\/\/andreadallolio.com\/","name":"andreadallolio","description":"interior designer","publisher":{"@id":"https:\/\/andreadallolio.com\/#organization"},"potentialAction":[{"@type":"SearchAction","target":{"@type":"EntryPoint","urlTemplate":"https:\/\/andreadallolio.com\/?s={search_term_string}"},"query-input":{"@type":"PropertyValueSpecification","valueRequired":true,"valueName":"search_term_string"}}],"inLanguage":"fr-FR"},{"@type":"Organization","@id":"https:\/\/andreadallolio.com\/#organization","name":"andreadallolio","url":"https:\/\/andreadallolio.com\/","logo":{"@type":"ImageObject","inLanguage":"fr-FR","@id":"https:\/\/andreadallolio.com\/#\/schema\/logo\/image\/","url":"https:\/\/andreadallolio.com\/wp-content\/uploads\/2024\/01\/logo-art-deco-01-e1705430493135.png","contentUrl":"https:\/\/andreadallolio.com\/wp-content\/uploads\/2024\/01\/logo-art-deco-01-e1705430493135.png","width":512,"height":73,"caption":"andreadallolio"},"image":{"@id":"https:\/\/andreadallolio.com\/#\/schema\/logo\/image\/"}}]}},"_links":{"self":[{"href":"https:\/\/andreadallolio.com\/fr\/wp-json\/wp\/v2\/pages\/3","targetHints":{"allow":["GET"]}}],"collection":[{"href":"https:\/\/andreadallolio.com\/fr\/wp-json\/wp\/v2\/pages"}],"about":[{"href":"https:\/\/andreadallolio.com\/fr\/wp-json\/wp\/v2\/types\/page"}],"author":[{"embeddable":true,"href":"https:\/\/andreadallolio.com\/fr\/wp-json\/wp\/v2\/users\/1"}],"replies":[{"embeddable":true,"href":"https:\/\/andreadallolio.com\/fr\/wp-json\/wp\/v2\/comments?post=3"}],"version-history":[{"count":4,"href":"https:\/\/andreadallolio.com\/fr\/wp-json\/wp\/v2\/pages\/3\/revisions"}],"predecessor-version":[{"id":1465,"href":"https:\/\/andreadallolio.com\/fr\/wp-json\/wp\/v2\/pages\/3\/revisions\/1465"}],"wp:attachment":[{"href":"https:\/\/andreadallolio.com\/fr\/wp-json\/wp\/v2\/media?parent=3"}],"curies":[{"name":"wp","href":"https:\/\/api.w.org\/{rel}","templated":true}]}}