{"id":274,"date":"2024-01-23T13:42:37","date_gmt":"2024-01-23T13:42:37","guid":{"rendered":"https:\/\/andreadallolio.com\/?page_id=274"},"modified":"2024-06-07T17:21:25","modified_gmt":"2024-06-07T17:21:25","slug":"about","status":"publish","type":"page","link":"https:\/\/andreadallolio.com\/fr\/about\/","title":{"rendered":"\u00c0 propos"},"content":{"rendered":"<div  class=\"tatsu-B1ZXXzUpY6 tatsu-section  tatsu-bg-overlay   tatsu-clearfix\" data-title=\"\"  data-headerscheme=\"background--dark\"><div class='tatsu-section-pad clearfix' data-padding='{\"d\":\"40px 0px 90px 0px\"}' data-padding-top='40px'><div class=\"tatsu-row-wrap  tatsu-wrap tatsu-row-has-one-half tatsu-row-has-two-cols tatsu-tiny-gutter tatsu-reg-cols  tatsu-clearfix tatsu-B1xXXfUpF6\" ><div  class=\"tatsu-row\" ><div  class=\"tatsu-column  tatsu-bg-overlay tatsu-one-half tatsu-column-align-top tatsu-column-image-none tatsu-column-effect-none  tatsu-BySjGI6K6\"  data-parallax-speed=\"0\" style=\"\"><div class=\"tatsu-column-inner\" ><div class=\"tatsu-column-pad-wrap\"><div class=\"tatsu-column-pad\" ><div  class=\"tatsu-single-image tatsu-module align-center tatsu-image-lazyload tatsu-rJj9cLTKT\" ><div class=\"tatsu-single-image-inner\" style=\"width : 1810px;\" ><div class = \"tatsu-single-image-padding-wrap\" style = \"padding-bottom : 141.4364640884%;\" ><\/div><img class = \"tatsu-gradient-border\" alt = \"andrea dall'olio\" title = \"ABOUT FOTO\" data-src = \"https:\/\/andreadallolio.com\/wp-content\/uploads\/2024\/02\/ABOUT-FOTO-scaled.jpg\" src =\"data:image\/png;base64,iVBORw0KGgoAAAANSUhEUgAAAAEAAAABCAQAAAC1HAwCAAAAC0lEQVR42mNkYAAAAAYAAjCB0C8AAAAASUVORK5CYII=\"  \/><\/div><style>.tatsu-rJj9cLTKT{margin: 0px 0px 0px 50px;}.tatsu-rJj9cLTKT .tatsu-single-image-inner{border-style: solid;max-width: 100%;}.tatsu-rJj9cLTKT.tatsu-single-image{transform: translate3d(0px,0px, 0);}@media only screen and (max-width: 767px) {.tatsu-rJj9cLTKT{margin: 0px 0px 0px 0px;}}<\/style><\/div><\/div><\/div><div class = \"tatsu-column-bg-image-wrap\"><div class = \"tatsu-column-bg-image\" ><\/div><\/div><div class=\"tatsu-overlay tatsu-column-overlay tatsu-animate-none\" ><\/div><\/div><style>.tatsu-row > .tatsu-BySjGI6K6.tatsu-column{width: 46.5%;}.tatsu-BySjGI6K6.tatsu-column > .tatsu-column-inner > .tatsu-column-overlay{mix-blend-mode: normal;}.tatsu-BySjGI6K6 > .tatsu-column-inner > .tatsu-top-divider{z-index: 9999;}.tatsu-BySjGI6K6 > .tatsu-column-inner > .tatsu-bottom-divider{z-index: 9999;}.tatsu-BySjGI6K6 > .tatsu-column-inner > .tatsu-left-divider{z-index: 9999;}.tatsu-BySjGI6K6 > .tatsu-column-inner > .tatsu-right-divider{z-index: 9999;}@media only screen and (max-width:1377px) {.tatsu-row > .tatsu-BySjGI6K6.tatsu-column{width: 50%;}}@media only screen and (min-width:768px) and (max-width: 1024px) {.tatsu-row > .tatsu-BySjGI6K6.tatsu-column{width: 50%;}}@media only screen and (max-width: 767px) {.tatsu-row > .tatsu-BySjGI6K6.tatsu-column{width: 100%;}}<\/style><\/div><div  class=\"tatsu-column  tatsu-bg-overlay tatsu-one-half tatsu-column-image-none tatsu-column-effect-none  tatsu-BJxBsG86F6\"  data-parallax-speed=\"0\" style=\"\"><div class=\"tatsu-column-inner\" ><div class=\"tatsu-column-pad-wrap\"><div class=\"tatsu-column-pad\" ><div  class=\"tatsu-module tatsu-text-block-wrap tatsu-SkB6zLpKT\"><div class=\"tatsu-text-inner tatsu-align-center  clearfix\" ><style>.tatsu-SkB6zLpKT.tatsu-text-block-wrap .tatsu-text-inner{width: 66%;text-align: center;}.tatsu-SkB6zLpKT.tatsu-text-block-wrap{margin: -5px 0px 0px 0px;}@media only screen and (max-width: 767px) {.tatsu-SkB6zLpKT.tatsu-text-block-wrap .tatsu-text-inner{width: 100%;}}<\/style>\n<p align=\"justify\">D\u00e9corateur d'int\u00e9rieur, designer textile, expert en tendances, directeur artistique, \u00e9diteur, collectionneur passionn\u00e9 et curateur d'expositions.\nEn 1995, Andrea Dall\u2019Olio fonde \u00e0 Milan \u2013 sa ville d'origine \u2013 sa propre soci\u00e9t\u00e9, A+A Design Studio, qui est rapidement devenue une institution dans le domaine de la pr\u00e9vision de tendances.\nSon travail va de la cr\u00e9ation de nouvelles harmonies de couleur au dessin de motifs et \u00e0 la cr\u00e9ation de tissus, en passant toujours du domaine de la mode \u00e0 celui de l\u2019ameublement, gr\u00e2ce \u00e0 l\u2019analyse des tendances \u00e0 venir. \nEn tant qu'\u00e9diteur, il a cr\u00e9\u00e9 et d\u00e9velopp\u00e9 12 diff\u00e9rents cahiers de tendance pour chaque saison, \u00e0 tirage limit\u00e9, en tirant ses inspirations du monde entier.\nCette passion l\u2019a men\u00e9 \u00e0 la d\u00e9coration d'int\u00e9rieur et \u00e0 l\u2019\u00e9laboration de collections textiles pour les plus grands tisseurs et \u00e9diteurs \u00e0 l\u2019\u00e9chelle mondiale. \nAvec son bureau d'\u00e9tudes, Dall\u2019Olio a dirig\u00e9 des ateliers et donn\u00e9 des s\u00e9minaires et des conf\u00e9rences \u00e0 l\u2019occasion de foires et d'expositions internationales.\nSon bureau de consultation est un vrai centre cr\u00e9atif ou d\u2019expertise en design d\u2019int\u00e9rieur ; d\u00e9coration et textile coexistent et enrichissent sa vision et ses projets \u00ab sur mesure \u00bb.\nLa nouvelle \u00e9tape est l\u2019ouverture d\u2019un second bureau de cr\u00e9ation \u00e0 Marrakech, qui sera strictement li\u00e9 au QG milanais. \nAu Maroc, il voudrait poser son regard particulier et contemporain sur l'artisanat traditionnel nord-africain en cr\u00e9ant des nouveaux motifs pour carrelage, fer forg\u00e9, tapis, poterie etc., qui feront partie de ses prochains projets dans ce pays. \nA travers son portfolio de projets d'int\u00e9rieur, Dall\u2019Olio propose une r\u00e9interpr\u00e9tation de la tradition dans une tonalit\u00e9 plus actuelle, en cr\u00e9ant des nouveaux classiques pour le futur.<\/p>\n<p align=\"justify\">His passion took him into the interior decoration world, designing textile collections for the leading weaving mills across Europe. With his own consultancy studio, Dall\u2019Olio took seminars, workshops and lectures in international trade shows, exhibitions and companies. Dall\u2019Olio\u2019s consultancy studio is a creative hub where his expertise in interior design, decoration and textile coexists, nourishing his vision and his tailored services.<\/p>\n<p align=\"justify\">His new path is opening a second design studio in Marrakech, which will be linked to the Milan Headquarter. In Marrakech he wants to refresh the Moroccan traditional craftsmanship with his own modern eye, creating new patterns for tiles, patterns of ironworks that will be put in his new interior projects in this country.<\/p>\n<p align=\"justify\">Through his portfolio of interior projects, he redefines the transformation of tradition into something more modern. He looks at the past to create the future.<\/p>\n<\/div><\/div><\/div><\/div><div class = \"tatsu-column-bg-image-wrap\"><div class = \"tatsu-column-bg-image\" ><\/div><\/div><div class=\"tatsu-overlay tatsu-column-overlay tatsu-animate-none\" ><\/div><\/div><style>.tatsu-row > .tatsu-BJxBsG86F6.tatsu-column{width: 53.5%;}.tatsu-BJxBsG86F6.tatsu-column > .tatsu-column-inner > .tatsu-column-pad-wrap > .tatsu-column-pad{padding: 0px 0px 0px 1px;}.tatsu-BJxBsG86F6.tatsu-column{margin: 0px 0px 0px 0px !important;}.tatsu-BJxBsG86F6.tatsu-column > .tatsu-column-inner > .tatsu-column-overlay{mix-blend-mode: normal;}.tatsu-BJxBsG86F6 > .tatsu-column-inner > .tatsu-top-divider{z-index: 9999;}.tatsu-BJxBsG86F6 > .tatsu-column-inner > .tatsu-bottom-divider{z-index: 9999;}.tatsu-BJxBsG86F6 > .tatsu-column-inner > .tatsu-left-divider{z-index: 9999;}.tatsu-BJxBsG86F6 > .tatsu-column-inner > .tatsu-right-divider{z-index: 9999;}@media only screen and (max-width:1377px) {.tatsu-row > .tatsu-BJxBsG86F6.tatsu-column{width: 50%;}}@media only screen and (min-width:768px) and (max-width: 1024px) {.tatsu-row > .tatsu-BJxBsG86F6.tatsu-column{width: 50%;}}@media only screen and (max-width: 767px) {.tatsu-row > .tatsu-BJxBsG86F6.tatsu-column{width: 100%;}}<\/style><\/div><\/div><\/div><\/div><div class=\"tatsu-section-background-wrap\"><div class = \"tatsu-section-background\" ><\/div><\/div><div class=\"tatsu-overlay tatsu-section-overlay\"><\/div><style>.tatsu-B1ZXXzUpY6 .tatsu-section-pad{padding: 40px 0px 90px 0px;}.tatsu-B1ZXXzUpY6 .tatsu-section-offset-wrap{transform: translateY(-0px);}.tatsu-B1ZXXzUpY6 > .tatsu-bottom-divider{z-index: 9999;}.tatsu-B1ZXXzUpY6 > .tatsu-top-divider{z-index: 9999;}.tatsu-B1ZXXzUpY6 .tatsu-section-overlay{mix-blend-mode: normal;}<\/style><\/div>","protected":false},"excerpt":{"rendered":"<p><a href=\"https:\/\/andreadallolio.com\/fr\/about\/\" class=\"more-link style1-button\">Read More<\/a><\/p>","protected":false},"author":1,"featured_media":0,"parent":0,"menu_order":0,"comment_status":"closed","ping_status":"closed","template":"","meta":{"footnotes":""},"class_list":["post-274","page","type-page","status-publish","hentry"],"yoast_head":"<!-- This site is optimized with the Yoast SEO plugin v27.3 - https:\/\/yoast.com\/product\/yoast-seo-wordpress\/ -->\n<title>ABOUT - Andrea Dall&#039;Olio<\/title>\n<meta name=\"description\" content=\"Andrea Dall\u2019Olio is an interior decorator, textile designer, expert on global trends, art director, publisher, passionate collector.\" \/>\n<meta name=\"robots\" content=\"index, follow, max-snippet:-1, max-image-preview:large, max-video-preview:-1\" \/>\n<link rel=\"canonical\" href=\"https:\/\/andreadallolio.com\/fr\/about\/\" \/>\n<meta property=\"og:locale\" content=\"fr_FR\" \/>\n<meta property=\"og:type\" content=\"article\" \/>\n<meta property=\"og:title\" content=\"ABOUT - Andrea Dall&#039;Olio\" \/>\n<meta property=\"og:description\" content=\"Andrea Dall\u2019Olio is an interior decorator, textile designer, expert on global trends, art director, publisher, passionate collector.\" \/>\n<meta property=\"og:url\" content=\"https:\/\/andreadallolio.com\/fr\/about\/\" \/>\n<meta property=\"og:site_name\" content=\"andreadallolio\" \/>\n<meta property=\"article:modified_time\" content=\"2024-06-07T17:21:25+00:00\" \/>\n<meta name=\"twitter:card\" content=\"summary_large_image\" \/>\n<meta name=\"twitter:label1\" content=\"Dur\u00e9e de lecture estim\u00e9e\" \/>\n\t<meta name=\"twitter:data1\" content=\"4 minutes\" \/>\n<script type=\"application\/ld+json\" class=\"yoast-schema-graph\">{\"@context\":\"https:\\\/\\\/schema.org\",\"@graph\":[{\"@type\":\"WebPage\",\"@id\":\"https:\\\/\\\/andreadallolio.com\\\/about\\\/\",\"url\":\"https:\\\/\\\/andreadallolio.com\\\/about\\\/\",\"name\":\"ABOUT - Andrea Dall'Olio\",\"isPartOf\":{\"@id\":\"https:\\\/\\\/andreadallolio.com\\\/#website\"},\"datePublished\":\"2024-01-23T13:42:37+00:00\",\"dateModified\":\"2024-06-07T17:21:25+00:00\",\"description\":\"Andrea Dall\u2019Olio is an interior decorator, textile designer, expert on global trends, art director, publisher, passionate collector.\",\"breadcrumb\":{\"@id\":\"https:\\\/\\\/andreadallolio.com\\\/about\\\/#breadcrumb\"},\"inLanguage\":\"fr-FR\",\"potentialAction\":[{\"@type\":\"ReadAction\",\"target\":[\"https:\\\/\\\/andreadallolio.com\\\/about\\\/\"]}]},{\"@type\":\"BreadcrumbList\",\"@id\":\"https:\\\/\\\/andreadallolio.com\\\/about\\\/#breadcrumb\",\"itemListElement\":[{\"@type\":\"ListItem\",\"position\":1,\"name\":\"Home\",\"item\":\"https:\\\/\\\/andreadallolio.com\\\/\"},{\"@type\":\"ListItem\",\"position\":2,\"name\":\"ABOUT\"}]},{\"@type\":\"WebSite\",\"@id\":\"https:\\\/\\\/andreadallolio.com\\\/#website\",\"url\":\"https:\\\/\\\/andreadallolio.com\\\/\",\"name\":\"andreadallolio\",\"description\":\"interior designer\",\"publisher\":{\"@id\":\"https:\\\/\\\/andreadallolio.com\\\/#organization\"},\"potentialAction\":[{\"@type\":\"SearchAction\",\"target\":{\"@type\":\"EntryPoint\",\"urlTemplate\":\"https:\\\/\\\/andreadallolio.com\\\/?s={search_term_string}\"},\"query-input\":{\"@type\":\"PropertyValueSpecification\",\"valueRequired\":true,\"valueName\":\"search_term_string\"}}],\"inLanguage\":\"fr-FR\"},{\"@type\":\"Organization\",\"@id\":\"https:\\\/\\\/andreadallolio.com\\\/#organization\",\"name\":\"andreadallolio\",\"url\":\"https:\\\/\\\/andreadallolio.com\\\/\",\"logo\":{\"@type\":\"ImageObject\",\"inLanguage\":\"fr-FR\",\"@id\":\"https:\\\/\\\/andreadallolio.com\\\/#\\\/schema\\\/logo\\\/image\\\/\",\"url\":\"https:\\\/\\\/andreadallolio.com\\\/wp-content\\\/uploads\\\/2024\\\/01\\\/logo-art-deco-01-e1705430493135.png\",\"contentUrl\":\"https:\\\/\\\/andreadallolio.com\\\/wp-content\\\/uploads\\\/2024\\\/01\\\/logo-art-deco-01-e1705430493135.png\",\"width\":512,\"height\":73,\"caption\":\"andreadallolio\"},\"image\":{\"@id\":\"https:\\\/\\\/andreadallolio.com\\\/#\\\/schema\\\/logo\\\/image\\\/\"}}]}<\/script>\n<!-- \/ Yoast SEO plugin. -->","yoast_head_json":{"title":"ABOUT - Andrea Dall'Olio","description":"Andrea Dall\u2019Olio is an interior decorator, textile designer, expert on global trends, art director, publisher, passionate collector.","robots":{"index":"index","follow":"follow","max-snippet":"max-snippet:-1","max-image-preview":"max-image-preview:large","max-video-preview":"max-video-preview:-1"},"canonical":"https:\/\/andreadallolio.com\/fr\/about\/","og_locale":"fr_FR","og_type":"article","og_title":"ABOUT - Andrea Dall'Olio","og_description":"Andrea Dall\u2019Olio is an interior decorator, textile designer, expert on global trends, art director, publisher, passionate collector.","og_url":"https:\/\/andreadallolio.com\/fr\/about\/","og_site_name":"andreadallolio","article_modified_time":"2024-06-07T17:21:25+00:00","twitter_card":"summary_large_image","twitter_misc":{"Dur\u00e9e de lecture estim\u00e9e":"4 minutes"},"schema":{"@context":"https:\/\/schema.org","@graph":[{"@type":"WebPage","@id":"https:\/\/andreadallolio.com\/about\/","url":"https:\/\/andreadallolio.com\/about\/","name":"ABOUT - Andrea Dall'Olio","isPartOf":{"@id":"https:\/\/andreadallolio.com\/#website"},"datePublished":"2024-01-23T13:42:37+00:00","dateModified":"2024-06-07T17:21:25+00:00","description":"Andrea Dall\u2019Olio is an interior decorator, textile designer, expert on global trends, art director, publisher, passionate collector.","breadcrumb":{"@id":"https:\/\/andreadallolio.com\/about\/#breadcrumb"},"inLanguage":"fr-FR","potentialAction":[{"@type":"ReadAction","target":["https:\/\/andreadallolio.com\/about\/"]}]},{"@type":"BreadcrumbList","@id":"https:\/\/andreadallolio.com\/about\/#breadcrumb","itemListElement":[{"@type":"ListItem","position":1,"name":"Home","item":"https:\/\/andreadallolio.com\/"},{"@type":"ListItem","position":2,"name":"ABOUT"}]},{"@type":"WebSite","@id":"https:\/\/andreadallolio.com\/#website","url":"https:\/\/andreadallolio.com\/","name":"andreadallolio","description":"interior designer","publisher":{"@id":"https:\/\/andreadallolio.com\/#organization"},"potentialAction":[{"@type":"SearchAction","target":{"@type":"EntryPoint","urlTemplate":"https:\/\/andreadallolio.com\/?s={search_term_string}"},"query-input":{"@type":"PropertyValueSpecification","valueRequired":true,"valueName":"search_term_string"}}],"inLanguage":"fr-FR"},{"@type":"Organization","@id":"https:\/\/andreadallolio.com\/#organization","name":"andreadallolio","url":"https:\/\/andreadallolio.com\/","logo":{"@type":"ImageObject","inLanguage":"fr-FR","@id":"https:\/\/andreadallolio.com\/#\/schema\/logo\/image\/","url":"https:\/\/andreadallolio.com\/wp-content\/uploads\/2024\/01\/logo-art-deco-01-e1705430493135.png","contentUrl":"https:\/\/andreadallolio.com\/wp-content\/uploads\/2024\/01\/logo-art-deco-01-e1705430493135.png","width":512,"height":73,"caption":"andreadallolio"},"image":{"@id":"https:\/\/andreadallolio.com\/#\/schema\/logo\/image\/"}}]}},"_links":{"self":[{"href":"https:\/\/andreadallolio.com\/fr\/wp-json\/wp\/v2\/pages\/274","targetHints":{"allow":["GET"]}}],"collection":[{"href":"https:\/\/andreadallolio.com\/fr\/wp-json\/wp\/v2\/pages"}],"about":[{"href":"https:\/\/andreadallolio.com\/fr\/wp-json\/wp\/v2\/types\/page"}],"author":[{"embeddable":true,"href":"https:\/\/andreadallolio.com\/fr\/wp-json\/wp\/v2\/users\/1"}],"replies":[{"embeddable":true,"href":"https:\/\/andreadallolio.com\/fr\/wp-json\/wp\/v2\/comments?post=274"}],"version-history":[{"count":49,"href":"https:\/\/andreadallolio.com\/fr\/wp-json\/wp\/v2\/pages\/274\/revisions"}],"predecessor-version":[{"id":1310,"href":"https:\/\/andreadallolio.com\/fr\/wp-json\/wp\/v2\/pages\/274\/revisions\/1310"}],"wp:attachment":[{"href":"https:\/\/andreadallolio.com\/fr\/wp-json\/wp\/v2\/media?parent=274"}],"curies":[{"name":"wp","href":"https:\/\/api.w.org\/{rel}","templated":true}]}}